{"id":5,"date":"2013-05-04T16:42:42","date_gmt":"2013-05-04T14:42:42","guid":{"rendered":"http:\/\/www.nestlerraum.de\/mobilebanking\/?page_id=5"},"modified":"2019-02-15T18:01:38","modified_gmt":"2019-02-15T16:01:38","slug":"home","status":"publish","type":"page","link":"https:\/\/www.nestlerraum.de\/mobilebanking-new\/","title":{"rendered":"Worum geht es?"},"content":{"rendered":"<h2>Worum geht es?<\/h2>\n<p>Bei <strong>mobile banking &#8211; Br\u00fccken im \u00dcbergang<\/strong> geht es um ein wachsendes &#8222;urban space projekt&#8220;, initiiert von der Hamburger Raum-Designerin Barbara Nestler.<br \/>\nEs handelt sich um eine tempor\u00e4re Kunst-Installation auf der 120 m langen Oberhafenbr\u00fccke am Rande der Hamburger Hafencity:<br \/>\n40 Holzb\u00e4nke, individuell gestaltet von Hamburger K\u00fcnstlern und anderen Kreativen Radikalen werden mit dicken Tampen nebeneinander in die Br\u00fcckenst\u00fctzen der Oberhafenbr\u00fccke vert\u00e4ut und laden den Passanten ein zum besinnen, meditieren, Ideen entwickeln, sich austauschen und miteinander kommunizieren.<\/p>\n<p>Vom 15.-19. Mai 2013 sahen Sie die erste Auflage von 9\u00a0individuellen K\u00fcnstlerb\u00e4nken auf der Br\u00fccke !<strong> <\/strong><br \/>\nEine Fortsetzung des Projektes ist in Planung. 40 B\u00e4nke sollen es werden um eine Bank-Verbindung vom einen Ufer zum anderen zu bilden!<\/p>\n<p><strong>Hamburger Unternehmer: <\/strong><\/p>\n<p><strong>Werden Sie Bankbesitzer! Werden Sie Pate einer K\u00fcnstler-Bank und unterst\u00fctzen Sie dieses Projekt im \u00f6ffentlichen Raum ! <\/strong><\/p>\n<p>zur Idee siehe auch:<\/p>\n<p><iframe loading=\"lazy\" hcb-fetch-image-from=\"http:\/\/www.youtube.com\/watch?v=eD96N-dSC0o\" width=\"1000\" height=\"563\" src=\"https:\/\/www.youtube.com\/embed\/eD96N-dSC0o?feature=oembed\" frameborder=\"0\" allowfullscreen><\/iframe><\/p>\n<p style=\"text-align: center;\">\n","protected":false},"excerpt":{"rendered":"<p>Worum geht es? Bei mobile banking &#8211; Br\u00fccken im \u00dcbergang geht es um ein wachsendes &#8222;urban space projekt&#8220;, initiiert von der Hamburger Raum-Designerin Barbara Nestler. Es handelt sich um eine tempor\u00e4re Kunst-Installation auf der 120 m langen Oberhafenbr\u00fccke am Rande &hellip; <a class=\"more-link\" href=\"https:\/\/www.nestlerraum.de\/mobilebanking-new\/\">Weiterlesen <span class=\"meta-nav\">&rarr;<\/span><\/a><\/p>\n","protected":false},"author":1,"featured_media":601,"parent":0,"menu_order":1,"comment_status":"closed","ping_status":"closed","template":"","meta":{"footnotes":""},"class_list":["post-5","page","type-page","status-publish","has-post-thumbnail","hentry"],"yoast_head":"<!-- This site is optimized with the Yoast SEO plugin v27.2 - https:\/\/yoast.com\/product\/yoast-seo-wordpress\/ -->\n<title>mobile banking - ein urban space Projekt<\/title>\n<meta name=\"description\" content=\"Worum geht es bei diesem Projekt? 40 Holzb\u00e4nke gestaltet von 40 K\u00fcnstlern - eine tempor\u00e4re M\u00f6blierung genannt mobile banking\" \/>\n<meta name=\"robots\" content=\"index, follow, max-snippet:-1, max-image-preview:large, max-video-preview:-1\" \/>\n<link rel=\"canonical\" href=\"https:\/\/www.nestlerraum.de\/mobilebanking-new\/\" \/>\n<meta property=\"og:locale\" content=\"de_DE\" \/>\n<meta property=\"og:type\" content=\"article\" \/>\n<meta property=\"og:title\" content=\"mobile banking - ein urban space Projekt\" \/>\n<meta property=\"og:description\" content=\"Worum geht es bei diesem Projekt? 40 Holzb\u00e4nke gestaltet von 40 K\u00fcnstlern - eine tempor\u00e4re M\u00f6blierung genannt mobile banking\" \/>\n<meta property=\"og:url\" content=\"https:\/\/www.nestlerraum.de\/mobilebanking-new\/\" \/>\n<meta property=\"og:site_name\" content=\"mobile banking\" \/>\n<meta property=\"article:publisher\" content=\"https:\/\/www.facebook.com\/barbara.nestler.mobilebanking\" \/>\n<meta property=\"article:modified_time\" content=\"2019-02-15T16:01:38+00:00\" \/>\n<meta property=\"og:image\" content=\"https:\/\/www.nestlerraum.de\/mobilebanking-new\/wp-content\/uploads\/2013\/05\/bruecke_t300.jpg\" \/>\n\t<meta property=\"og:image:width\" content=\"1000\" \/>\n\t<meta property=\"og:image:height\" content=\"300\" \/>\n\t<meta property=\"og:image:type\" content=\"image\/jpeg\" \/>\n<meta name=\"twitter:label1\" content=\"Gesch\u00e4tzte Lesezeit\" \/>\n\t<meta name=\"twitter:data1\" content=\"1\u00a0Minute\" \/>\n<script type=\"application\/ld+json\" class=\"yoast-schema-graph\">{\"@context\":\"https:\/\/schema.org\",\"@graph\":[{\"@type\":\"WebPage\",\"@id\":\"https:\/\/www.nestlerraum.de\/mobilebanking-new\/\",\"url\":\"https:\/\/www.nestlerraum.de\/mobilebanking-new\/\",\"name\":\"mobile banking - ein urban space Projekt\",\"isPartOf\":{\"@id\":\"https:\/\/www.nestlerraum.de\/mobilebanking-new\/#website\"},\"primaryImageOfPage\":{\"@id\":\"https:\/\/www.nestlerraum.de\/mobilebanking-new\/#primaryimage\"},\"image\":{\"@id\":\"https:\/\/www.nestlerraum.de\/mobilebanking-new\/#primaryimage\"},\"thumbnailUrl\":\"https:\/\/www.nestlerraum.de\/mobilebanking-new\/wp-content\/uploads\/2013\/05\/bruecke_t300.jpg\",\"datePublished\":\"2013-05-04T14:42:42+00:00\",\"dateModified\":\"2019-02-15T16:01:38+00:00\",\"description\":\"Worum geht es bei diesem Projekt? 40 Holzb\u00e4nke gestaltet von 40 K\u00fcnstlern - eine tempor\u00e4re M\u00f6blierung genannt mobile banking\",\"breadcrumb\":{\"@id\":\"https:\/\/www.nestlerraum.de\/mobilebanking-new\/#breadcrumb\"},\"inLanguage\":\"de\",\"potentialAction\":[{\"@type\":\"ReadAction\",\"target\":[\"https:\/\/www.nestlerraum.de\/mobilebanking-new\/\"]}]},{\"@type\":\"ImageObject\",\"inLanguage\":\"de\",\"@id\":\"https:\/\/www.nestlerraum.de\/mobilebanking-new\/#primaryimage\",\"url\":\"https:\/\/www.nestlerraum.de\/mobilebanking-new\/wp-content\/uploads\/2013\/05\/bruecke_t300.jpg\",\"contentUrl\":\"https:\/\/www.nestlerraum.de\/mobilebanking-new\/wp-content\/uploads\/2013\/05\/bruecke_t300.jpg\",\"width\":\"1000\",\"height\":\"300\"},{\"@type\":\"BreadcrumbList\",\"@id\":\"https:\/\/www.nestlerraum.de\/mobilebanking-new\/#breadcrumb\",\"itemListElement\":[{\"@type\":\"ListItem\",\"position\":1,\"name\":\"Home\",\"item\":\"https:\/\/www.nestlerraum.de\/mobilebanking-new\/\"},{\"@type\":\"ListItem\",\"position\":2,\"name\":\"Worum geht es?\"}]},{\"@type\":\"WebSite\",\"@id\":\"https:\/\/www.nestlerraum.de\/mobilebanking-new\/#website\",\"url\":\"https:\/\/www.nestlerraum.de\/mobilebanking-new\/\",\"name\":\"mobile banking\",\"description\":\"Br\u00fccken im \u00dcbergang - ein wachsendes urban space projekt am Rande der Hamburger Hafencity\",\"publisher\":{\"@id\":\"https:\/\/www.nestlerraum.de\/mobilebanking-new\/#\/schema\/person\/46249d290203b41af2250457707aeac3\"},\"potentialAction\":[{\"@type\":\"SearchAction\",\"target\":{\"@type\":\"EntryPoint\",\"urlTemplate\":\"https:\/\/www.nestlerraum.de\/mobilebanking-new\/?s={search_term_string}\"},\"query-input\":{\"@type\":\"PropertyValueSpecification\",\"valueRequired\":true,\"valueName\":\"search_term_string\"}}],\"inLanguage\":\"de\"},{\"@type\":[\"Person\",\"Organization\"],\"@id\":\"https:\/\/www.nestlerraum.de\/mobilebanking-new\/#\/schema\/person\/46249d290203b41af2250457707aeac3\",\"name\":\"Barbara Nestler\",\"logo\":{\"@id\":\"https:\/\/www.nestlerraum.de\/mobilebanking-new\/#\/schema\/person\/image\/\"},\"sameAs\":[\"https:\/\/www.nestlerraum.de\/mobilebanking-new\/\",\"https:\/\/www.facebook.com\/barbara.nestler.mobilebanking\"]}]}<\/script>\n<!-- \/ Yoast SEO plugin. -->","yoast_head_json":{"title":"mobile banking - ein urban space Projekt","description":"Worum geht es bei diesem Projekt? 40 Holzb\u00e4nke gestaltet von 40 K\u00fcnstlern - eine tempor\u00e4re M\u00f6blierung genannt mobile banking","robots":{"index":"index","follow":"follow","max-snippet":"max-snippet:-1","max-image-preview":"max-image-preview:large","max-video-preview":"max-video-preview:-1"},"canonical":"https:\/\/www.nestlerraum.de\/mobilebanking-new\/","og_locale":"de_DE","og_type":"article","og_title":"mobile banking - ein urban space Projekt","og_description":"Worum geht es bei diesem Projekt? 40 Holzb\u00e4nke gestaltet von 40 K\u00fcnstlern - eine tempor\u00e4re M\u00f6blierung genannt mobile banking","og_url":"https:\/\/www.nestlerraum.de\/mobilebanking-new\/","og_site_name":"mobile banking","article_publisher":"https:\/\/www.facebook.com\/barbara.nestler.mobilebanking","article_modified_time":"2019-02-15T16:01:38+00:00","og_image":[{"width":1000,"height":300,"url":"https:\/\/www.nestlerraum.de\/mobilebanking-new\/wp-content\/uploads\/2013\/05\/bruecke_t300.jpg","type":"image\/jpeg"}],"twitter_misc":{"Gesch\u00e4tzte Lesezeit":"1\u00a0Minute"},"schema":{"@context":"https:\/\/schema.org","@graph":[{"@type":"WebPage","@id":"https:\/\/www.nestlerraum.de\/mobilebanking-new\/","url":"https:\/\/www.nestlerraum.de\/mobilebanking-new\/","name":"mobile banking - ein urban space Projekt","isPartOf":{"@id":"https:\/\/www.nestlerraum.de\/mobilebanking-new\/#website"},"primaryImageOfPage":{"@id":"https:\/\/www.nestlerraum.de\/mobilebanking-new\/#primaryimage"},"image":{"@id":"https:\/\/www.nestlerraum.de\/mobilebanking-new\/#primaryimage"},"thumbnailUrl":"https:\/\/www.nestlerraum.de\/mobilebanking-new\/wp-content\/uploads\/2013\/05\/bruecke_t300.jpg","datePublished":"2013-05-04T14:42:42+00:00","dateModified":"2019-02-15T16:01:38+00:00","description":"Worum geht es bei diesem Projekt? 40 Holzb\u00e4nke gestaltet von 40 K\u00fcnstlern - eine tempor\u00e4re M\u00f6blierung genannt mobile banking","breadcrumb":{"@id":"https:\/\/www.nestlerraum.de\/mobilebanking-new\/#breadcrumb"},"inLanguage":"de","potentialAction":[{"@type":"ReadAction","target":["https:\/\/www.nestlerraum.de\/mobilebanking-new\/"]}]},{"@type":"ImageObject","inLanguage":"de","@id":"https:\/\/www.nestlerraum.de\/mobilebanking-new\/#primaryimage","url":"https:\/\/www.nestlerraum.de\/mobilebanking-new\/wp-content\/uploads\/2013\/05\/bruecke_t300.jpg","contentUrl":"https:\/\/www.nestlerraum.de\/mobilebanking-new\/wp-content\/uploads\/2013\/05\/bruecke_t300.jpg","width":"1000","height":"300"},{"@type":"BreadcrumbList","@id":"https:\/\/www.nestlerraum.de\/mobilebanking-new\/#breadcrumb","itemListElement":[{"@type":"ListItem","position":1,"name":"Home","item":"https:\/\/www.nestlerraum.de\/mobilebanking-new\/"},{"@type":"ListItem","position":2,"name":"Worum geht es?"}]},{"@type":"WebSite","@id":"https:\/\/www.nestlerraum.de\/mobilebanking-new\/#website","url":"https:\/\/www.nestlerraum.de\/mobilebanking-new\/","name":"mobile banking","description":"Br\u00fccken im \u00dcbergang - ein wachsendes urban space projekt am Rande der Hamburger Hafencity","publisher":{"@id":"https:\/\/www.nestlerraum.de\/mobilebanking-new\/#\/schema\/person\/46249d290203b41af2250457707aeac3"},"potentialAction":[{"@type":"SearchAction","target":{"@type":"EntryPoint","urlTemplate":"https:\/\/www.nestlerraum.de\/mobilebanking-new\/?s={search_term_string}"},"query-input":{"@type":"PropertyValueSpecification","valueRequired":true,"valueName":"search_term_string"}}],"inLanguage":"de"},{"@type":["Person","Organization"],"@id":"https:\/\/www.nestlerraum.de\/mobilebanking-new\/#\/schema\/person\/46249d290203b41af2250457707aeac3","name":"Barbara Nestler","logo":{"@id":"https:\/\/www.nestlerraum.de\/mobilebanking-new\/#\/schema\/person\/image\/"},"sameAs":["https:\/\/www.nestlerraum.de\/mobilebanking-new\/","https:\/\/www.facebook.com\/barbara.nestler.mobilebanking"]}]}},"_links":{"self":[{"href":"https:\/\/www.nestlerraum.de\/mobilebanking-new\/wp-json\/wp\/v2\/pages\/5","targetHints":{"allow":["GET"]}}],"collection":[{"href":"https:\/\/www.nestlerraum.de\/mobilebanking-new\/wp-json\/wp\/v2\/pages"}],"about":[{"href":"https:\/\/www.nestlerraum.de\/mobilebanking-new\/wp-json\/wp\/v2\/types\/page"}],"author":[{"embeddable":true,"href":"https:\/\/www.nestlerraum.de\/mobilebanking-new\/wp-json\/wp\/v2\/users\/1"}],"replies":[{"embeddable":true,"href":"https:\/\/www.nestlerraum.de\/mobilebanking-new\/wp-json\/wp\/v2\/comments?post=5"}],"version-history":[{"count":0,"href":"https:\/\/www.nestlerraum.de\/mobilebanking-new\/wp-json\/wp\/v2\/pages\/5\/revisions"}],"wp:featuredmedia":[{"embeddable":true,"href":"https:\/\/www.nestlerraum.de\/mobilebanking-new\/wp-json\/wp\/v2\/media\/601"}],"wp:attachment":[{"href":"https:\/\/www.nestlerraum.de\/mobilebanking-new\/wp-json\/wp\/v2\/media?parent=5"}],"curies":[{"name":"wp","href":"https:\/\/api.w.org\/{rel}","templated":true}]}}