{"id":84,"date":"2013-05-05T23:00:00","date_gmt":"2013-05-05T21:00:00","guid":{"rendered":"http:\/\/www.nestlerraum.de\/mobilebanking\/?page_id=84"},"modified":"2022-09-09T21:41:23","modified_gmt":"2022-09-09T19:41:23","slug":"konzept","status":"publish","type":"page","link":"https:\/\/www.nestlerraum.de\/mobilebanking-new\/konzept\/","title":{"rendered":"Vision"},"content":{"rendered":"<h2>Vision<\/h2>\n<p>40 verschieden gestaltete B\u00e4nke von 40 verschiedenen K\u00fcnstlern und kreativen Radikalen, gesponsert von 40 Hamburger Unternehmen oder Liebhabern dieses Projekts werden eines Tages auf der Oberhafenbr\u00fccke stehen, vert\u00e4ut in den St\u00fctzen der Br\u00fccke. Sie werden am Rande der Hafencity den Besucher des Viertels einladen, sein Tempo zu verlangsamen, zu staunen, Platz zu nehmen, sich zu besinnen und sich auszutauschen &#8211; mit Blick auf die Speicherstadt einerseits oder Blick auf den Oberhafen andererseits. Vielleicht gesellen sich auch andere K\u00fcnstler dazu&#8212;- S\u00e4nger-T\u00e4nzer oder Musiker und beleben diese Bank-Verbindung von einem Ufer zum anderen auf ihre eigene Weise&#8230;<\/p>\n<h2>Unterst\u00fctzer<\/h2>\n<p>Unterst\u00fctzt wurde dieses Projekt \u00a0bisher\u00a0von verschiedenen Hamburger Sponsoren\u00a0sowie von Mitgliedern des Oberhafenvereins. Dieser versteht sich als Spielraum f\u00fcr kreatives Handeln und steht der Idee von mobile banking &#8211; Br\u00fccken im \u00dcbergang offen gegen\u00fcber (http:\/\/oberhafen-ev.de\/).<\/p>\n<p>Es werden weitere Unterst\u00fctzer gesucht, die das Projekt durch den Kauf einer Bank f\u00f6rdern und diese dann von einem K\u00fcnstler gegen ein garantiertes Honorar 777,-\u20ac gestalten lassen. Der Bank-Rohling ist ca 2,10 m lang, aus s\u00e4gerauhem L\u00e4rchen-Holz und kostet 722,00 \u20ac (incl.MWST)<\/p>\n<p>Man kann aber auch mit Hilfe von Spenden das Projekt unterst\u00fctzen auf folgendes HASPA Konto:<\/p>\n<p>Barbara Nestler<br \/>\nKtnr 1201419221,<br \/>\nBLZ 20050550,<br \/>\nStichwort: Oberhafenbr\u00fcckenprojekt<\/p>\n<div id=\"attachment_62\" style=\"width: 310px\" class=\"wp-caption alignnone\"><a href=\"https:\/\/www.nestlerraum.de\/mobilebanking-new\/wp-content\/uploads\/2013\/05\/Barbara-im-oberhafen.jpg\"><img loading=\"lazy\" decoding=\"async\" aria-describedby=\"caption-attachment-62\" class=\"wp-image-62 size-medium\" title=\"Barbara im Oberhafen\" src=\"https:\/\/www.nestlerraum.de\/mobilebanking-new\/wp-content\/uploads\/2013\/05\/Barbara-im-oberhafen-300x300.jpg\" alt=\"\" width=\"300\" height=\"300\" srcset=\"https:\/\/www.nestlerraum.de\/mobilebanking-new\/wp-content\/uploads\/2013\/05\/Barbara-im-oberhafen-300x300.jpg 300w, https:\/\/www.nestlerraum.de\/mobilebanking-new\/wp-content\/uploads\/2013\/05\/Barbara-im-oberhafen-150x150.jpg 150w, https:\/\/www.nestlerraum.de\/mobilebanking-new\/wp-content\/uploads\/2013\/05\/Barbara-im-oberhafen.jpg 611w\" sizes=\"auto, (max-width: 300px) 100vw, 300px\" \/><\/a><p id=\"caption-attachment-62\" class=\"wp-caption-text\">Barbara Nestler Im Oberhafen<\/p><\/div>\n<p>Die Idee zu diesem Projekt hatte die Hamburger Dipl.Designerin Barbara Nestler. Sie hat Visuelle Kommunikation mit Schwerpunkt B\u00fchnenbild an der HfBK in Hamburg studiert und ist seit 1999 freischaffend als Gestalterin (vornehmlich f\u00fcr Innenr\u00e4ume) unterwegs. Als Kind des bildenden K\u00fcnstlers Dieter Nestler hat sie diesen oft auf seinen Streifz\u00fcgen durch abgelegene Hafengel\u00e4nde auf der Jagd nach Bildmaterial f\u00fcr seine Werke begleitet und von daher einen besonderen biografischen Bezug zur Szenerie des Oberhafens.<\/p>\n","protected":false},"excerpt":{"rendered":"<p>Vision 40 verschieden gestaltete B\u00e4nke von 40 verschiedenen K\u00fcnstlern und kreativen Radikalen, gesponsert von 40 Hamburger Unternehmen oder Liebhabern dieses Projekts werden eines Tages auf der Oberhafenbr\u00fccke stehen, vert\u00e4ut in den St\u00fctzen der Br\u00fccke. Sie werden am Rande der Hafencity &hellip; <a class=\"more-link\" href=\"https:\/\/www.nestlerraum.de\/mobilebanking-new\/konzept\/\">Weiterlesen <span class=\"meta-nav\">&rarr;<\/span><\/a><\/p>\n","protected":false},"author":1,"featured_media":648,"parent":0,"menu_order":0,"comment_status":"closed","ping_status":"closed","template":"","meta":{"footnotes":""},"class_list":["post-84","page","type-page","status-publish","has-post-thumbnail","hentry"],"yoast_head":"<!-- This site is optimized with the Yoast SEO plugin v27.2 - https:\/\/yoast.com\/product\/yoast-seo-wordpress\/ -->\n<title>mobile banking, eine Rauminstallation aud der Oberhafenf\u00fccke<\/title>\n<meta name=\"description\" content=\"Mobile banking ist ein Projekt der Hamburger Designerin Barbara Nestler. Es geht darum, diesen \u00f6ffentlichen Raum -die Oberhafenbr\u00fccke- mit Leben zu f\u00fcllen.\" \/>\n<meta name=\"robots\" content=\"index, follow, max-snippet:-1, max-image-preview:large, max-video-preview:-1\" \/>\n<link rel=\"canonical\" href=\"https:\/\/www.nestlerraum.de\/mobilebanking-new\/konzept\/\" \/>\n<meta property=\"og:locale\" content=\"de_DE\" \/>\n<meta property=\"og:type\" content=\"article\" \/>\n<meta property=\"og:title\" content=\"mobile banking, eine Rauminstallation aud der Oberhafenf\u00fccke\" \/>\n<meta property=\"og:description\" content=\"Mobile banking ist ein Projekt der Hamburger Designerin Barbara Nestler. Es geht darum, diesen \u00f6ffentlichen Raum -die Oberhafenbr\u00fccke- mit Leben zu f\u00fcllen.\" \/>\n<meta property=\"og:url\" content=\"https:\/\/www.nestlerraum.de\/mobilebanking-new\/konzept\/\" \/>\n<meta property=\"og:site_name\" content=\"mobile banking\" \/>\n<meta property=\"article:publisher\" content=\"https:\/\/www.facebook.com\/barbara.nestler.mobilebanking\" \/>\n<meta property=\"article:modified_time\" content=\"2022-09-09T19:41:23+00:00\" \/>\n<meta property=\"og:image\" content=\"https:\/\/www.nestlerraum.de\/mobilebanking-new\/wp-content\/uploads\/2013\/05\/konzept_t300neu.jpg\" \/>\n\t<meta property=\"og:image:width\" content=\"1000\" \/>\n\t<meta property=\"og:image:height\" content=\"300\" \/>\n\t<meta property=\"og:image:type\" content=\"image\/jpeg\" \/>\n<meta name=\"twitter:label1\" content=\"Gesch\u00e4tzte Lesezeit\" \/>\n\t<meta name=\"twitter:data1\" content=\"2\u00a0Minuten\" \/>\n<script type=\"application\/ld+json\" class=\"yoast-schema-graph\">{\"@context\":\"https:\/\/schema.org\",\"@graph\":[{\"@type\":\"WebPage\",\"@id\":\"https:\/\/www.nestlerraum.de\/mobilebanking-new\/konzept\/\",\"url\":\"https:\/\/www.nestlerraum.de\/mobilebanking-new\/konzept\/\",\"name\":\"mobile banking, eine Rauminstallation aud der Oberhafenf\u00fccke\",\"isPartOf\":{\"@id\":\"https:\/\/www.nestlerraum.de\/mobilebanking-new\/#website\"},\"primaryImageOfPage\":{\"@id\":\"https:\/\/www.nestlerraum.de\/mobilebanking-new\/konzept\/#primaryimage\"},\"image\":{\"@id\":\"https:\/\/www.nestlerraum.de\/mobilebanking-new\/konzept\/#primaryimage\"},\"thumbnailUrl\":\"https:\/\/www.nestlerraum.de\/mobilebanking-new\/wp-content\/uploads\/2013\/05\/konzept_t300neu.jpg\",\"datePublished\":\"2013-05-05T21:00:00+00:00\",\"dateModified\":\"2022-09-09T19:41:23+00:00\",\"description\":\"Mobile banking ist ein Projekt der Hamburger Designerin Barbara Nestler. Es geht darum, diesen \u00f6ffentlichen Raum -die Oberhafenbr\u00fccke- mit Leben zu f\u00fcllen.\",\"breadcrumb\":{\"@id\":\"https:\/\/www.nestlerraum.de\/mobilebanking-new\/konzept\/#breadcrumb\"},\"inLanguage\":\"de\",\"potentialAction\":[{\"@type\":\"ReadAction\",\"target\":[\"https:\/\/www.nestlerraum.de\/mobilebanking-new\/konzept\/\"]}]},{\"@type\":\"ImageObject\",\"inLanguage\":\"de\",\"@id\":\"https:\/\/www.nestlerraum.de\/mobilebanking-new\/konzept\/#primaryimage\",\"url\":\"https:\/\/www.nestlerraum.de\/mobilebanking-new\/wp-content\/uploads\/2013\/05\/konzept_t300neu.jpg\",\"contentUrl\":\"https:\/\/www.nestlerraum.de\/mobilebanking-new\/wp-content\/uploads\/2013\/05\/konzept_t300neu.jpg\",\"width\":\"1000\",\"height\":\"300\"},{\"@type\":\"BreadcrumbList\",\"@id\":\"https:\/\/www.nestlerraum.de\/mobilebanking-new\/konzept\/#breadcrumb\",\"itemListElement\":[{\"@type\":\"ListItem\",\"position\":1,\"name\":\"Home\",\"item\":\"https:\/\/www.nestlerraum.de\/mobilebanking-new\/\"},{\"@type\":\"ListItem\",\"position\":2,\"name\":\"Vision\"}]},{\"@type\":\"WebSite\",\"@id\":\"https:\/\/www.nestlerraum.de\/mobilebanking-new\/#website\",\"url\":\"https:\/\/www.nestlerraum.de\/mobilebanking-new\/\",\"name\":\"mobile banking\",\"description\":\"Br\u00fccken im \u00dcbergang - ein wachsendes urban space projekt am Rande der Hamburger Hafencity\",\"publisher\":{\"@id\":\"https:\/\/www.nestlerraum.de\/mobilebanking-new\/#\/schema\/person\/46249d290203b41af2250457707aeac3\"},\"potentialAction\":[{\"@type\":\"SearchAction\",\"target\":{\"@type\":\"EntryPoint\",\"urlTemplate\":\"https:\/\/www.nestlerraum.de\/mobilebanking-new\/?s={search_term_string}\"},\"query-input\":{\"@type\":\"PropertyValueSpecification\",\"valueRequired\":true,\"valueName\":\"search_term_string\"}}],\"inLanguage\":\"de\"},{\"@type\":[\"Person\",\"Organization\"],\"@id\":\"https:\/\/www.nestlerraum.de\/mobilebanking-new\/#\/schema\/person\/46249d290203b41af2250457707aeac3\",\"name\":\"Barbara Nestler\",\"logo\":{\"@id\":\"https:\/\/www.nestlerraum.de\/mobilebanking-new\/#\/schema\/person\/image\/\"},\"sameAs\":[\"https:\/\/www.nestlerraum.de\/mobilebanking-new\/\",\"https:\/\/www.facebook.com\/barbara.nestler.mobilebanking\"]}]}<\/script>\n<!-- \/ Yoast SEO plugin. -->","yoast_head_json":{"title":"mobile banking, eine Rauminstallation aud der Oberhafenf\u00fccke","description":"Mobile banking ist ein Projekt der Hamburger Designerin Barbara Nestler. Es geht darum, diesen \u00f6ffentlichen Raum -die Oberhafenbr\u00fccke- mit Leben zu f\u00fcllen.","robots":{"index":"index","follow":"follow","max-snippet":"max-snippet:-1","max-image-preview":"max-image-preview:large","max-video-preview":"max-video-preview:-1"},"canonical":"https:\/\/www.nestlerraum.de\/mobilebanking-new\/konzept\/","og_locale":"de_DE","og_type":"article","og_title":"mobile banking, eine Rauminstallation aud der Oberhafenf\u00fccke","og_description":"Mobile banking ist ein Projekt der Hamburger Designerin Barbara Nestler. Es geht darum, diesen \u00f6ffentlichen Raum -die Oberhafenbr\u00fccke- mit Leben zu f\u00fcllen.","og_url":"https:\/\/www.nestlerraum.de\/mobilebanking-new\/konzept\/","og_site_name":"mobile banking","article_publisher":"https:\/\/www.facebook.com\/barbara.nestler.mobilebanking","article_modified_time":"2022-09-09T19:41:23+00:00","og_image":[{"width":1000,"height":300,"url":"https:\/\/www.nestlerraum.de\/mobilebanking-new\/wp-content\/uploads\/2013\/05\/konzept_t300neu.jpg","type":"image\/jpeg"}],"twitter_misc":{"Gesch\u00e4tzte Lesezeit":"2\u00a0Minuten"},"schema":{"@context":"https:\/\/schema.org","@graph":[{"@type":"WebPage","@id":"https:\/\/www.nestlerraum.de\/mobilebanking-new\/konzept\/","url":"https:\/\/www.nestlerraum.de\/mobilebanking-new\/konzept\/","name":"mobile banking, eine Rauminstallation aud der Oberhafenf\u00fccke","isPartOf":{"@id":"https:\/\/www.nestlerraum.de\/mobilebanking-new\/#website"},"primaryImageOfPage":{"@id":"https:\/\/www.nestlerraum.de\/mobilebanking-new\/konzept\/#primaryimage"},"image":{"@id":"https:\/\/www.nestlerraum.de\/mobilebanking-new\/konzept\/#primaryimage"},"thumbnailUrl":"https:\/\/www.nestlerraum.de\/mobilebanking-new\/wp-content\/uploads\/2013\/05\/konzept_t300neu.jpg","datePublished":"2013-05-05T21:00:00+00:00","dateModified":"2022-09-09T19:41:23+00:00","description":"Mobile banking ist ein Projekt der Hamburger Designerin Barbara Nestler. Es geht darum, diesen \u00f6ffentlichen Raum -die Oberhafenbr\u00fccke- mit Leben zu f\u00fcllen.","breadcrumb":{"@id":"https:\/\/www.nestlerraum.de\/mobilebanking-new\/konzept\/#breadcrumb"},"inLanguage":"de","potentialAction":[{"@type":"ReadAction","target":["https:\/\/www.nestlerraum.de\/mobilebanking-new\/konzept\/"]}]},{"@type":"ImageObject","inLanguage":"de","@id":"https:\/\/www.nestlerraum.de\/mobilebanking-new\/konzept\/#primaryimage","url":"https:\/\/www.nestlerraum.de\/mobilebanking-new\/wp-content\/uploads\/2013\/05\/konzept_t300neu.jpg","contentUrl":"https:\/\/www.nestlerraum.de\/mobilebanking-new\/wp-content\/uploads\/2013\/05\/konzept_t300neu.jpg","width":"1000","height":"300"},{"@type":"BreadcrumbList","@id":"https:\/\/www.nestlerraum.de\/mobilebanking-new\/konzept\/#breadcrumb","itemListElement":[{"@type":"ListItem","position":1,"name":"Home","item":"https:\/\/www.nestlerraum.de\/mobilebanking-new\/"},{"@type":"ListItem","position":2,"name":"Vision"}]},{"@type":"WebSite","@id":"https:\/\/www.nestlerraum.de\/mobilebanking-new\/#website","url":"https:\/\/www.nestlerraum.de\/mobilebanking-new\/","name":"mobile banking","description":"Br\u00fccken im \u00dcbergang - ein wachsendes urban space projekt am Rande der Hamburger Hafencity","publisher":{"@id":"https:\/\/www.nestlerraum.de\/mobilebanking-new\/#\/schema\/person\/46249d290203b41af2250457707aeac3"},"potentialAction":[{"@type":"SearchAction","target":{"@type":"EntryPoint","urlTemplate":"https:\/\/www.nestlerraum.de\/mobilebanking-new\/?s={search_term_string}"},"query-input":{"@type":"PropertyValueSpecification","valueRequired":true,"valueName":"search_term_string"}}],"inLanguage":"de"},{"@type":["Person","Organization"],"@id":"https:\/\/www.nestlerraum.de\/mobilebanking-new\/#\/schema\/person\/46249d290203b41af2250457707aeac3","name":"Barbara Nestler","logo":{"@id":"https:\/\/www.nestlerraum.de\/mobilebanking-new\/#\/schema\/person\/image\/"},"sameAs":["https:\/\/www.nestlerraum.de\/mobilebanking-new\/","https:\/\/www.facebook.com\/barbara.nestler.mobilebanking"]}]}},"_links":{"self":[{"href":"https:\/\/www.nestlerraum.de\/mobilebanking-new\/wp-json\/wp\/v2\/pages\/84","targetHints":{"allow":["GET"]}}],"collection":[{"href":"https:\/\/www.nestlerraum.de\/mobilebanking-new\/wp-json\/wp\/v2\/pages"}],"about":[{"href":"https:\/\/www.nestlerraum.de\/mobilebanking-new\/wp-json\/wp\/v2\/types\/page"}],"author":[{"embeddable":true,"href":"https:\/\/www.nestlerraum.de\/mobilebanking-new\/wp-json\/wp\/v2\/users\/1"}],"replies":[{"embeddable":true,"href":"https:\/\/www.nestlerraum.de\/mobilebanking-new\/wp-json\/wp\/v2\/comments?post=84"}],"version-history":[{"count":0,"href":"https:\/\/www.nestlerraum.de\/mobilebanking-new\/wp-json\/wp\/v2\/pages\/84\/revisions"}],"wp:featuredmedia":[{"embeddable":true,"href":"https:\/\/www.nestlerraum.de\/mobilebanking-new\/wp-json\/wp\/v2\/media\/648"}],"wp:attachment":[{"href":"https:\/\/www.nestlerraum.de\/mobilebanking-new\/wp-json\/wp\/v2\/media?parent=84"}],"curies":[{"name":"wp","href":"https:\/\/api.w.org\/{rel}","templated":true}]}}